{"id":9174,"date":"2021-11-15T14:11:57","date_gmt":"2021-11-15T14:11:57","guid":{"rendered":"https:\/\/www.traveldiewelt.de\/?page_id=9174"},"modified":"2026-03-23T12:23:03","modified_gmt":"2026-03-23T10:23:03","slug":"contact","status":"publish","type":"page","link":"https:\/\/www.triplanet.com\/en\/kontakt\/","title":{"rendered":"Contact us"},"content":{"rendered":"<div data-vc-full-width=\"true\" data-vc-full-width-init=\"false\" data-vc-stretch-content=\"true\" class=\"vc_row wpb_row st bg-holder vc_custom_1773398496813 vc_row-has-fill vc_row-no-padding\"><div class='container-fluid'> <div class='row'>\n\t<div class=\"wpb_column column_container col-md-12\"><div class=\"vc_column-inner wpb_wrapper\">\n\t\t\t<div class=\"vc_empty_space\"   style=\"height: 400px\"><span class=\"vc_empty_space_inner\"><\/span><\/div><\/div>\n\t<\/div> \n<\/div><!--End .row--><\/div><!--End .container--><\/div><div class=\"vc_row-full-width vc_clearfix\"><\/div><div class=\"vc_row wpb_row st bg-holder st-solo-list-tour\"><div class='container'><div class='row'>\n\t<div class=\"st-contact wpb_column column_container col-md-12\"><div class=\"vc_column-inner wpb_wrapper\">\n\t\t\t<div class=\"vc_empty_space\" id=\"cusphonespace\"  style=\"height: 130px\"><span class=\"vc_empty_space_inner\"><\/span><\/div>\n\t<div class=\"wpb_text_column wpb_content_element  st-service-heading\" >\n\t\t<div class=\"wpb_wrapper\">\n\t\t\t<p style=\"text-align: center;\"><strong>You are at the centre of our attention. <\/strong><\/p>\n<h3 style=\"text-align: center; font-size: 22px;\"><strong>Contact us via WhatsApp, using the contact form below or by email.\u00a0<\/strong><\/h3>\n\n\t\t<\/div>\n\t<\/div>\n<\/div>\n\t<\/div> \n<\/div><!--End .row--><\/div><!--End .container--><\/div><div class=\"vc_row wpb_row st bg-holder\"><div class='container'><div class='row'>\n\t<div class=\"wpb_column column_container col-md-6\"><div class=\"vc_column-inner wpb_wrapper\">\n\t\t\t\n\t<div class=\"wpb_text_column wpb_content_element\" >\n\t\t<div class=\"wpb_wrapper\">\n\t\t\t<h3>Opening hours:<\/h3>\n<h4><\/h4>\n<p>&nbsp;<\/p>\n<h4>Monday - Thursday: 10:00 - 18:00<\/h4>\n<h4>Friday: 10:00 - 15:00<\/h4>\n\n\t\t<\/div>\n\t<\/div>\n<\/div>\n\t<\/div> \n\n\t<div class=\"rechte_spalte_kontakt wpb_column column_container col-md-6\"><div class=\"vc_column-inner wpb_wrapper\">\n\t\t\t\n\t<div class=\"wpb_text_column wpb_content_element\" >\n\t\t<div class=\"wpb_wrapper\">\n\t\t\t<h3>Contact:<\/h3>\n<h4><\/h4>\n<p>&nbsp;<\/p>\n<h4>+49 30 814 5516 29 (also via WhatsApp)<\/h4>\n<h4>info@triplanet.com<\/h4>\n\n\t\t<\/div>\n\t<\/div>\n<\/div>\n\t<\/div> \n<\/div><!--End .row--><\/div><!--End .container--><\/div><div data-vc-full-width=\"true\" data-vc-full-width-init=\"false\" class=\"vc_row wpb_row st bg-holder vc_custom_1705589338203 vc_row-has-fill\"><div class='container'><div class='row'>\n\t<div class=\"st-contact--form wpb_column column_container col-md-12\"><div class=\"vc_column-inner wpb_wrapper\">\n\t\t\t<div class=\"vc_row wpb_row vc_inner mobilecuspadding vc_custom_1647374704752 vc_row-has-fill\"><div class=\"wpb_column column_container col-md-12\"><div class=\"vc_column-inner\"><div class=\"wpb_wrapper\">\n\t<div class=\"wpb_text_column wpb_content_element  vc_custom_1774260919456\" >\n\t\t<div class=\"wpb_wrapper\">\n\t\t\t<p><script charset=\"utf-8\" type=\"text\/javascript\" src=\"\/\/js-eu1.hsforms.net\/forms\/embed\/v2.js\"><\/script><br \/>\n<br \/>\n<br \/>\n<script>\n\u2006 \u2006 hbspt.forms.create({\n\u2006 \u2006 \u2006 \u2006 portalId: \"25283681\",\n\u2006 \u2006 \u2006 \u2006 formId: \"7a0e0d40-630d-44e0-86f6-8611aa568def\",\n\u2006 \u2006 \u2006 \u2006 region: \"eu1\"\n\u2006 \u2006 });\n<\/script><br \/>\n<\/p>\n\n\t\t<\/div>\n\t<\/div>\n<\/div><\/div><\/div><\/div><\/div>\n\t<\/div> \n<\/div><!--End .row--><\/div><!--End .container--><\/div><div class=\"vc_row-full-width vc_clearfix\"><\/div>","protected":false},"excerpt":{"rendered":"Du stehst bei uns im Mittelpunkt. Kontaktiere uns per WhatsApp, \u00fcber das nachstehende Kontaktformular oder per Email.\u00a0 \u00d6ffnungszeiten: &nbsp; Montag - Donnerstag: 10:00 - 18:00 Freitag: 10:00 - 15:00 Kontakt: &nbsp; +49 30 814 5516 29 (auch per WhatsApp) info@triplanet.com","protected":false},"author":2,"featured_media":28556,"parent":0,"menu_order":0,"comment_status":"closed","ping_status":"closed","template":"template-home-modern.php","meta":{"content-type":"","_monsterinsights_skip_tracking":false,"_monsterinsights_sitenote_active":false,"_monsterinsights_sitenote_note":"","_monsterinsights_sitenote_category":0,"footnotes":""},"class_list":["post-9174","page","type-page","status-publish","has-post-thumbnail","hentry"],"yoast_head":"<!-- This site is optimized with the Yoast SEO plugin v25.6 - https:\/\/yoast.com\/wordpress\/plugins\/seo\/ -->\n<title>Kontakt | triplanet<\/title>\n<meta name=\"description\" content=\"Eine pers\u00f6nliche Beratung ist uns wichtig. Kontaktiere uns gern \u00fcber verschiedene Kan\u00e4le und plane gemeinsam mit uns die Reise deines Lebens.\" \/>\n<meta name=\"robots\" content=\"index, follow, max-snippet:-1, max-image-preview:large, max-video-preview:-1\" \/>\n<link rel=\"canonical\" href=\"https:\/\/www.triplanet.com\/en\/contact\/\" \/>\n<meta property=\"og:locale\" content=\"en_GB\" \/>\n<meta property=\"og:type\" content=\"article\" \/>\n<meta property=\"og:title\" content=\"Kontakt | triplanet\" \/>\n<meta property=\"og:description\" content=\"Eine pers\u00f6nliche Beratung ist uns wichtig. Kontaktiere uns gern \u00fcber verschiedene Kan\u00e4le und plane gemeinsam mit uns die Reise deines Lebens.\" \/>\n<meta property=\"og:url\" content=\"https:\/\/www.triplanet.com\/en\/contact\/\" \/>\n<meta property=\"og:site_name\" content=\"triplanet\" \/>\n<meta property=\"article:publisher\" content=\"https:\/\/www.facebook.com\/traveldieweltde\" \/>\n<meta property=\"article:modified_time\" content=\"2026-03-23T10:23:03+00:00\" \/>\n<meta property=\"og:image\" content=\"https:\/\/www.triplanet.com\/wp-content\/uploads\/2026\/03\/Contact_Header.png\" \/>\n\t<meta property=\"og:image:width\" content=\"1440\" \/>\n\t<meta property=\"og:image:height\" content=\"360\" \/>\n\t<meta property=\"og:image:type\" content=\"image\/png\" \/>\n<meta name=\"twitter:card\" content=\"summary_large_image\" \/>\n<meta name=\"twitter:label1\" content=\"Estimated reading time\" \/>\n\t<meta name=\"twitter:data1\" content=\"1 minute\" \/>\n<script type=\"application\/ld+json\" class=\"yoast-schema-graph\">{\"@context\":\"https:\/\/schema.org\",\"@graph\":[{\"@type\":\"WebPage\",\"@id\":\"https:\/\/www.triplanet.com\/kontakt\/\",\"url\":\"https:\/\/www.triplanet.com\/kontakt\/\",\"name\":\"Kontakt | triplanet\",\"isPartOf\":{\"@id\":\"https:\/\/www.traveldiewelt.de\/#website\"},\"primaryImageOfPage\":{\"@id\":\"https:\/\/www.triplanet.com\/kontakt\/#primaryimage\"},\"image\":{\"@id\":\"https:\/\/www.triplanet.com\/kontakt\/#primaryimage\"},\"thumbnailUrl\":\"https:\/\/www.triplanet.com\/wp-content\/uploads\/2026\/03\/Contact_Header.png\",\"datePublished\":\"2021-11-15T14:11:57+00:00\",\"dateModified\":\"2026-03-23T10:23:03+00:00\",\"description\":\"Eine pers\u00f6nliche Beratung ist uns wichtig. Kontaktiere uns gern \u00fcber verschiedene Kan\u00e4le und plane gemeinsam mit uns die Reise deines Lebens.\",\"breadcrumb\":{\"@id\":\"https:\/\/www.triplanet.com\/kontakt\/#breadcrumb\"},\"inLanguage\":\"en-GB\",\"potentialAction\":[{\"@type\":\"ReadAction\",\"target\":[\"https:\/\/www.triplanet.com\/kontakt\/\"]}]},{\"@type\":\"ImageObject\",\"inLanguage\":\"en-GB\",\"@id\":\"https:\/\/www.triplanet.com\/kontakt\/#primaryimage\",\"url\":\"https:\/\/www.triplanet.com\/wp-content\/uploads\/2026\/03\/Contact_Header.png\",\"contentUrl\":\"https:\/\/www.triplanet.com\/wp-content\/uploads\/2026\/03\/Contact_Header.png\",\"width\":1440,\"height\":360},{\"@type\":\"BreadcrumbList\",\"@id\":\"https:\/\/www.triplanet.com\/kontakt\/#breadcrumb\",\"itemListElement\":[{\"@type\":\"ListItem\",\"position\":1,\"name\":\"Startseite\",\"item\":\"https:\/\/www.triplanet.com\/\"},{\"@type\":\"ListItem\",\"position\":2,\"name\":\"Kontakt\"}]},{\"@type\":\"WebSite\",\"@id\":\"https:\/\/www.traveldiewelt.de\/#website\",\"url\":\"https:\/\/www.traveldiewelt.de\/\",\"name\":\"triplanet\",\"description\":\"Weltweite Abenteuer-Reisen &amp; Backpacking-Touren\",\"publisher\":{\"@id\":\"https:\/\/www.traveldiewelt.de\/#organization\"},\"potentialAction\":[{\"@type\":\"SearchAction\",\"target\":{\"@type\":\"EntryPoint\",\"urlTemplate\":\"https:\/\/www.traveldiewelt.de\/?s={search_term_string}\"},\"query-input\":{\"@type\":\"PropertyValueSpecification\",\"valueRequired\":true,\"valueName\":\"search_term_string\"}}],\"inLanguage\":\"en-GB\"},{\"@type\":\"Organization\",\"@id\":\"https:\/\/www.traveldiewelt.de\/#organization\",\"name\":\"triplanet\",\"url\":\"https:\/\/www.traveldiewelt.de\/\",\"logo\":{\"@type\":\"ImageObject\",\"inLanguage\":\"en-GB\",\"@id\":\"https:\/\/www.traveldiewelt.de\/#\/schema\/logo\/image\/\",\"url\":\"https:\/\/www.triplanet.com\/wp-content\/uploads\/2020\/04\/TdW-Logo-transparent.png\",\"contentUrl\":\"https:\/\/www.triplanet.com\/wp-content\/uploads\/2020\/04\/TdW-Logo-transparent.png\",\"width\":2000,\"height\":400,\"caption\":\"triplanet\"},\"image\":{\"@id\":\"https:\/\/www.traveldiewelt.de\/#\/schema\/logo\/image\/\"},\"sameAs\":[\"https:\/\/www.facebook.com\/traveldieweltde\",\"https:\/\/www.instagram.com\/traveldieweltde\/\"]}]}<\/script>\n<!-- \/ Yoast SEO plugin. -->","yoast_head_json":{"title":"Contact | triplanet","description":"Personalised advice is important to us. Feel free to contact us via various channels and plan the trip of a lifetime with us.","robots":{"index":"index","follow":"follow","max-snippet":"max-snippet:-1","max-image-preview":"max-image-preview:large","max-video-preview":"max-video-preview:-1"},"canonical":"https:\/\/www.triplanet.com\/en\/contact\/","og_locale":"en_GB","og_type":"article","og_title":"Kontakt | triplanet","og_description":"Eine pers\u00f6nliche Beratung ist uns wichtig. Kontaktiere uns gern \u00fcber verschiedene Kan\u00e4le und plane gemeinsam mit uns die Reise deines Lebens.","og_url":"https:\/\/www.triplanet.com\/en\/contact\/","og_site_name":"triplanet","article_publisher":"https:\/\/www.facebook.com\/traveldieweltde","article_modified_time":"2026-03-23T10:23:03+00:00","og_image":[{"width":1440,"height":360,"url":"https:\/\/www.triplanet.com\/wp-content\/uploads\/2026\/03\/Contact_Header.png","type":"image\/png"}],"twitter_card":"summary_large_image","twitter_misc":{"Estimated reading time":"1 minute"},"schema":{"@context":"https:\/\/schema.org","@graph":[{"@type":"WebPage","@id":"https:\/\/www.triplanet.com\/kontakt\/","url":"https:\/\/www.triplanet.com\/kontakt\/","name":"Contact | triplanet","isPartOf":{"@id":"https:\/\/www.traveldiewelt.de\/#website"},"primaryImageOfPage":{"@id":"https:\/\/www.triplanet.com\/kontakt\/#primaryimage"},"image":{"@id":"https:\/\/www.triplanet.com\/kontakt\/#primaryimage"},"thumbnailUrl":"https:\/\/www.triplanet.com\/wp-content\/uploads\/2026\/03\/Contact_Header.png","datePublished":"2021-11-15T14:11:57+00:00","dateModified":"2026-03-23T10:23:03+00:00","description":"Personalised advice is important to us. Feel free to contact us via various channels and plan the trip of a lifetime with us.","breadcrumb":{"@id":"https:\/\/www.triplanet.com\/kontakt\/#breadcrumb"},"inLanguage":"en-GB","potentialAction":[{"@type":"ReadAction","target":["https:\/\/www.triplanet.com\/kontakt\/"]}]},{"@type":"ImageObject","inLanguage":"en-GB","@id":"https:\/\/www.triplanet.com\/kontakt\/#primaryimage","url":"https:\/\/www.triplanet.com\/wp-content\/uploads\/2026\/03\/Contact_Header.png","contentUrl":"https:\/\/www.triplanet.com\/wp-content\/uploads\/2026\/03\/Contact_Header.png","width":1440,"height":360},{"@type":"BreadcrumbList","@id":"https:\/\/www.triplanet.com\/kontakt\/#breadcrumb","itemListElement":[{"@type":"ListItem","position":1,"name":"Startseite","item":"https:\/\/www.triplanet.com\/"},{"@type":"ListItem","position":2,"name":"Kontakt"}]},{"@type":"WebSite","@id":"https:\/\/www.traveldiewelt.de\/#website","url":"https:\/\/www.traveldiewelt.de\/","name":"triplanet","description":"Worldwide adventure travel &amp; backpacking tours","publisher":{"@id":"https:\/\/www.traveldiewelt.de\/#organization"},"potentialAction":[{"@type":"SearchAction","target":{"@type":"EntryPoint","urlTemplate":"https:\/\/www.traveldiewelt.de\/?s={search_term_string}"},"query-input":{"@type":"PropertyValueSpecification","valueRequired":true,"valueName":"search_term_string"}}],"inLanguage":"en-GB"},{"@type":"Organization","@id":"https:\/\/www.traveldiewelt.de\/#organization","name":"triplanet","url":"https:\/\/www.traveldiewelt.de\/","logo":{"@type":"ImageObject","inLanguage":"en-GB","@id":"https:\/\/www.traveldiewelt.de\/#\/schema\/logo\/image\/","url":"https:\/\/www.triplanet.com\/wp-content\/uploads\/2020\/04\/TdW-Logo-transparent.png","contentUrl":"https:\/\/www.triplanet.com\/wp-content\/uploads\/2020\/04\/TdW-Logo-transparent.png","width":2000,"height":400,"caption":"triplanet"},"image":{"@id":"https:\/\/www.traveldiewelt.de\/#\/schema\/logo\/image\/"},"sameAs":["https:\/\/www.facebook.com\/traveldieweltde","https:\/\/www.instagram.com\/traveldieweltde\/"]}]}},"_links":{"self":[{"href":"https:\/\/www.triplanet.com\/en\/wp-json\/wp\/v2\/pages\/9174"}],"collection":[{"href":"https:\/\/www.triplanet.com\/en\/wp-json\/wp\/v2\/pages"}],"about":[{"href":"https:\/\/www.triplanet.com\/en\/wp-json\/wp\/v2\/types\/page"}],"author":[{"embeddable":true,"href":"https:\/\/www.triplanet.com\/en\/wp-json\/wp\/v2\/users\/2"}],"replies":[{"embeddable":true,"href":"https:\/\/www.triplanet.com\/en\/wp-json\/wp\/v2\/comments?post=9174"}],"version-history":[{"count":15,"href":"https:\/\/www.triplanet.com\/en\/wp-json\/wp\/v2\/pages\/9174\/revisions"}],"predecessor-version":[{"id":28832,"href":"https:\/\/www.triplanet.com\/en\/wp-json\/wp\/v2\/pages\/9174\/revisions\/28832"}],"wp:featuredmedia":[{"embeddable":true,"href":"https:\/\/www.triplanet.com\/en\/wp-json\/wp\/v2\/media\/28556"}],"wp:attachment":[{"href":"https:\/\/www.triplanet.com\/en\/wp-json\/wp\/v2\/media?parent=9174"}],"curies":[{"name":"wp","href":"https:\/\/api.w.org\/{rel}","templated":true}]}}