{"id":19890,"date":"2024-01-10T08:39:41","date_gmt":"2024-01-10T06:39:41","guid":{"rendered":"https:\/\/www.traveldiewelt.de\/?page_id=19890"},"modified":"2026-03-11T16:41:21","modified_gmt":"2026-03-11T14:41:21","slug":"jobs","status":"publish","type":"page","link":"https:\/\/www.triplanet.com\/en\/jobs\/","title":{"rendered":"Vacancies"},"content":{"rendered":"<div data-vc-full-width=\"true\" data-vc-full-width-init=\"false\" data-vc-stretch-content=\"true\" class=\"vc_row wpb_row st bg-holder vc_custom_1773239760074 vc_row-has-fill vc_row-no-padding\"><div class='container'><div class='row'>\n\t<div class=\"wpb_column column_container col-md-12\"><div class=\"vc_column-inner wpb_wrapper\">\n\t\t\t<div class=\"vc_empty_space  header-image-faq\"   style=\"height: 500px\"><span class=\"vc_empty_space_inner\"><\/span><\/div><\/div>\n\t<\/div> \n<\/div><!--End .row--><\/div><!--End .container--><\/div><div class=\"vc_row-full-width vc_clearfix\"><\/div><div data-vc-full-width=\"true\" data-vc-full-width-init=\"false\" data-vc-stretch-content=\"true\" class=\"vc_row wpb_row st bg-holder vc_custom_1684406948862 vc_row-has-fill vc_row-no-padding\"><div class='container'><div class='row'>\n\t<div class=\"wpb_column column_container col-md-12\"><div class=\"vc_column-inner wpb_wrapper\">\n\t\t\t<div class=\"vc_empty_space\"   style=\"height: 64px\"><span class=\"vc_empty_space_inner\"><\/span><\/div>\n\t<div class=\"wpb_text_column wpb_content_element  vc_custom_1704870169046 header_jobs\" >\n\t\t<div class=\"wpb_wrapper\">\n\t\t\t<h1 style=\"text-align: center; color: #ec927e; font-weight: 600; font-stretch: normal; font-style: normal; line-height: 56px; letter-spacing: -0.8px;\">Current vacancies<\/h1>\n\n\t\t<\/div>\n\t<\/div>\n<div class=\"vc_separator wpb_content_element vc_separator_align_center vc_sep_width_70 vc_sep_shadow vc_sep_border_width_3 vc_sep_pos_align_center vc_separator_no_text vc_custom_1704868096751  vc_custom_1704868096751 shadow_line_red\" ><span class=\"vc_sep_holder vc_sep_holder_l\"><span  style=\"border-color:#ec927e;\" class=\"vc_sep_line\"><\/span><\/span><span class=\"vc_sep_holder vc_sep_holder_r\"><span  style=\"border-color:#ec927e;\" class=\"vc_sep_line\"><\/span><\/span>\n<\/div>    <div class=\"content-text padding-0 st-default\">\r\n        <div class=\"st-text-center\">\r\n            <h2 class=\"st_default\">Travel Consultant (m\/f\/d) - (position currently filled - please check back soon)<\/h2>\r\n            <div class=\"box__separator  hidden-thumb\"><\/div>\r\n            <div class=\"st_default\"><\/p>\n<h4><\/h4>\n<p>&nbsp;<\/p>\n<p>&nbsp;<\/p>\n<h4><\/h4>\n<h4><span style=\"color: #333333;\"><i><b>Please note the information on the application process.<\/b><\/i><\/span><\/h4>\n<p>&nbsp;<\/p>\n<h4><span style=\"color: #333333;\"><b>About us<\/b>:<\/span><\/h4>\n<p><span style=\"color: #333333;\">triplanet is a dynamic online travel agency from Berlin, specialising in adventure and group travel for young people aged 18-39. As a startup, we offer unique travel experiences and are looking for enthusiastic team members to share and develop our vision.<\/span><\/p>\n<p>&nbsp;<\/p>\n<h4><span style=\"color: #333333;\"><b>This is what we offer you:<\/b><\/span><\/h4>\n<ul>\n<li><span style=\"color: #333333;\"><span style=\"color: #333333;\"><b>100% Home Office:<\/b>\u00a0Flexible working from home.<\/span><\/span><\/li>\n<li><span style=\"color: #333333;\"><span style=\"color: #333333;\"><b>Promotion opportunities: <\/b>Grow with us in an expanding start-up.<\/span><\/span><\/li>\n<li><span style=\"color: #333333;\"><span style=\"color: #333333;\"><b>Great atmosphere:<\/b>\u00a0A young, dynamic team where everyone is on a first-name basis.<\/span><\/span><\/li>\n<li><span style=\"color: #333333;\"><span style=\"color: #333333;\"><b>Direct exchange:<\/b>\u00a0Open communication with the company founders.<\/span><\/span><\/li>\n<li><span style=\"color: #333333;\"><span style=\"color: #333333;\"><b>Exciting onboarding phase:<\/b>\u00a0We'll teach you everything you need to know.<\/span><\/span><\/li>\n<li><span style=\"color: #333333;\"><span style=\"color: #333333;\"><b>Modern working material: <\/b>Including laptop to optimally support your work.<\/span><\/span><\/li>\n<li><span style=\"color: #333333;\"><span style=\"color: #333333;\"><b>Tour test options:<\/b>\u00a0Experience for yourself what we offer our customers.<\/span><\/span><\/li>\n<li><span style=\"color: #333333;\"><b>Performance-based salary:<\/b> Your performance will be rewarded fairly.<\/span><\/li>\n<\/ul>\n<p>&nbsp;<\/p>\n<h4><span style=\"color: #333333;\"><b>Who we are looking for:<\/b><\/span><\/h4>\n<ul>\n<li><span style=\"color: #333333;\"><span style=\"color: #333333;\"><b>Sales orientation: <\/b>Sales talent and a passion for travelling.<\/span><\/span><\/li>\n<li><span style=\"color: #333333;\"><span style=\"color: #333333;\"><b>Customer orientation: <\/b>Passionate interaction with people.<\/span><\/span><\/li>\n<li><span style=\"color: #333333;\"><span style=\"color: #333333;\"><b>Strong communication skills:<\/b>\u00a0Enthusiasm and persuasiveness on the phone.<\/span><\/span><\/li>\n<li><span style=\"color: #333333;\"><span style=\"color: #333333;\"><b>Travelling experience:<\/b> Personal experience in various destinations to advise customers with authentic knowledge.<\/span><\/span><\/li>\n<li><span style=\"color: #333333;\"><span style=\"color: #333333;\"><b>Language skills:<\/b>\u00a0Very good German and good English skills are essential.<\/span><\/span><\/li>\n<li><span style=\"color: #333333;\"><span style=\"color: #333333;\"><b>Sales experience:<\/b> Previous experience in sales is an advantage.<\/span><\/span><\/li>\n<li><span style=\"color: #333333;\"><b>IT skills:<\/b>\u00a0Confident in using Office applications and other IT tools.<\/span><\/li>\n<\/ul>\n<p>&nbsp;<\/p>\n<p><span style=\"color: #333333;\"><strong>Type of job:<\/strong><\/span><\/p>\n<ul>\n<li><span style=\"color: #333333;\">Full-time<\/span><\/li>\n<\/ul>\n<h4><\/h4>\n<p>&nbsp;<\/p>\n<h4><span style=\"color: #333333;\">Application process:<\/span><\/h4>\n<p><span style=\"color: #333333;\"><b>Interested?<\/b>\u00a0Then send us your CV and a letter of motivation (or alternatively an application video) to\u00a0<b>info@triplanet.com<\/b>.<\/span><\/p>\n<p><span style=\"color: #333333;\">Please answer the following questions in your letter of motivation:<\/span><\/p>\n<ul>\n<li><span style=\"color: #333333;\"><i>Why do you want to work at triplanet?<\/i><\/span><\/li>\n<li><span style=\"color: #333333;\"><i>Tell us about your travel experiences.<\/i><\/span><\/li>\n<li><span style=\"color: #333333;\"><i>How do you plan to contribute to the development of our company?<\/i><\/span><\/li>\n<\/ul>\n<p><span style=\"color: #333333;\"><b>Unfortunately, we cannot consider applications WITHOUT MOTIVATIONAL APPLICATION\/VIDEO.<\/b><\/span><\/p>\n<h4><span style=\"color: #333333;\"><b><br \/>\nWe look forward to receiving your application and getting to know you!<\/b><\/span><\/h4>\n<p><\/div>\r\n        <\/div>\r\n    <\/div>\r\n<div class=\"vc_separator wpb_content_element vc_separator_align_center vc_sep_width_90 vc_sep_dashed vc_sep_border_width_2 vc_sep_pos_align_center vc_separator_no_text vc_sep_color_black vc_custom_1704867199265  vc_custom_1704867199265\" ><span class=\"vc_sep_holder vc_sep_holder_l\"><span  class=\"vc_sep_line\"><\/span><\/span><span class=\"vc_sep_holder vc_sep_holder_r\"><span  class=\"vc_sep_line\"><\/span><\/span>\n<\/div><div class=\"vc_empty_space\"   style=\"height: 64px\"><span class=\"vc_empty_space_inner\"><\/span><\/div><\/div>\n\t<\/div> \n<\/div><!--End .row--><\/div><!--End .container--><\/div><div class=\"vc_row-full-width vc_clearfix\"><\/div><div class=\"vc_row wpb_row st bg-holder\"><div class='container'><div class='row'>\n\t<div class=\"wpb_column column_container col-md-12\"><div class=\"vc_column-inner wpb_wrapper\">\n\t\t\t<\/div>\n\t<\/div> \n<\/div><!--End .row--><\/div><!--End .container--><\/div>","protected":false},"excerpt":{"rendered":"Aktuelle Stellenangebote Reiseberater\/in (m\/w\/d) - (Stelle aktuell vergeben \u2013 schaue gerne bald wieder rein) &nbsp; &nbsp; Bitte die Hinweise zum Bewerbungsprozess beachten. &nbsp; \u00dcber uns: triplanet ist ein dynamisches Online-Reiseb\u00fcro aus Berlin, spezialisiert auf Adventure- und Gruppenreisen f\u00fcr junge Leute im Alter von 18-39 Jahren. Als Startup bieten wir einzigartige Reiseerlebnisse und suchen enthusiastische Teammitglieder, [...]","protected":false},"author":2,"featured_media":28481,"parent":0,"menu_order":0,"comment_status":"closed","ping_status":"closed","template":"template-home-modern.php","meta":{"content-type":"","_monsterinsights_skip_tracking":false,"_monsterinsights_sitenote_active":false,"_monsterinsights_sitenote_note":"","_monsterinsights_sitenote_category":0,"footnotes":""},"class_list":["post-19890","page","type-page","status-publish","has-post-thumbnail","hentry"],"yoast_head":"<!-- This site is optimized with the Yoast SEO plugin v25.6 - https:\/\/yoast.com\/wordpress\/plugins\/seo\/ -->\n<title>Stellenangebote | triplanet<\/title>\n<meta name=\"description\" content=\"Hier findest du alle aktuelle Stellenangebote von triplanet. Bewirb dich noch heute auf einen der angebotenen Jobs.\" \/>\n<meta name=\"robots\" content=\"index, follow, max-snippet:-1, max-image-preview:large, max-video-preview:-1\" \/>\n<link rel=\"canonical\" href=\"https:\/\/www.triplanet.com\/en\/jobs\/\" \/>\n<meta property=\"og:locale\" content=\"en_GB\" \/>\n<meta property=\"og:type\" content=\"article\" \/>\n<meta property=\"og:title\" content=\"Stellenangebote | triplanet\" \/>\n<meta property=\"og:description\" content=\"Hier findest du alle aktuelle Stellenangebote von triplanet. Bewirb dich noch heute auf einen der angebotenen Jobs.\" \/>\n<meta property=\"og:url\" content=\"https:\/\/www.triplanet.com\/en\/jobs\/\" \/>\n<meta property=\"og:site_name\" content=\"triplanet\" \/>\n<meta property=\"article:publisher\" content=\"https:\/\/www.facebook.com\/traveldieweltde\" \/>\n<meta property=\"article:modified_time\" content=\"2026-03-11T14:41:21+00:00\" \/>\n<meta property=\"og:image\" content=\"https:\/\/www.triplanet.com\/wp-content\/uploads\/2026\/03\/JOBs-Header.jpg\" \/>\n\t<meta property=\"og:image:width\" content=\"1440\" \/>\n\t<meta property=\"og:image:height\" content=\"360\" \/>\n\t<meta property=\"og:image:type\" content=\"image\/jpeg\" \/>\n<meta name=\"twitter:card\" content=\"summary_large_image\" \/>\n<meta name=\"twitter:label1\" content=\"Estimated reading time\" \/>\n\t<meta name=\"twitter:data1\" content=\"2 minutes\" \/>\n<script type=\"application\/ld+json\" class=\"yoast-schema-graph\">{\"@context\":\"https:\/\/schema.org\",\"@graph\":[{\"@type\":\"WebPage\",\"@id\":\"https:\/\/www.triplanet.com\/jobs\/\",\"url\":\"https:\/\/www.triplanet.com\/jobs\/\",\"name\":\"Stellenangebote | triplanet\",\"isPartOf\":{\"@id\":\"https:\/\/www.traveldiewelt.de\/#website\"},\"primaryImageOfPage\":{\"@id\":\"https:\/\/www.triplanet.com\/jobs\/#primaryimage\"},\"image\":{\"@id\":\"https:\/\/www.triplanet.com\/jobs\/#primaryimage\"},\"thumbnailUrl\":\"https:\/\/www.triplanet.com\/wp-content\/uploads\/2026\/03\/JOBs-Header.jpg\",\"datePublished\":\"2024-01-10T06:39:41+00:00\",\"dateModified\":\"2026-03-11T14:41:21+00:00\",\"description\":\"Hier findest du alle aktuelle Stellenangebote von triplanet. Bewirb dich noch heute auf einen der angebotenen Jobs.\",\"breadcrumb\":{\"@id\":\"https:\/\/www.triplanet.com\/jobs\/#breadcrumb\"},\"inLanguage\":\"en-GB\",\"potentialAction\":[{\"@type\":\"ReadAction\",\"target\":[\"https:\/\/www.triplanet.com\/jobs\/\"]}]},{\"@type\":\"ImageObject\",\"inLanguage\":\"en-GB\",\"@id\":\"https:\/\/www.triplanet.com\/jobs\/#primaryimage\",\"url\":\"https:\/\/www.triplanet.com\/wp-content\/uploads\/2026\/03\/JOBs-Header.jpg\",\"contentUrl\":\"https:\/\/www.triplanet.com\/wp-content\/uploads\/2026\/03\/JOBs-Header.jpg\",\"width\":1440,\"height\":360},{\"@type\":\"BreadcrumbList\",\"@id\":\"https:\/\/www.triplanet.com\/jobs\/#breadcrumb\",\"itemListElement\":[{\"@type\":\"ListItem\",\"position\":1,\"name\":\"Startseite\",\"item\":\"https:\/\/www.triplanet.com\/\"},{\"@type\":\"ListItem\",\"position\":2,\"name\":\"Stellenangebote\"}]},{\"@type\":\"WebSite\",\"@id\":\"https:\/\/www.traveldiewelt.de\/#website\",\"url\":\"https:\/\/www.traveldiewelt.de\/\",\"name\":\"triplanet\",\"description\":\"Weltweite Abenteuer-Reisen &amp; Backpacking-Touren\",\"publisher\":{\"@id\":\"https:\/\/www.traveldiewelt.de\/#organization\"},\"potentialAction\":[{\"@type\":\"SearchAction\",\"target\":{\"@type\":\"EntryPoint\",\"urlTemplate\":\"https:\/\/www.traveldiewelt.de\/?s={search_term_string}\"},\"query-input\":{\"@type\":\"PropertyValueSpecification\",\"valueRequired\":true,\"valueName\":\"search_term_string\"}}],\"inLanguage\":\"en-GB\"},{\"@type\":\"Organization\",\"@id\":\"https:\/\/www.traveldiewelt.de\/#organization\",\"name\":\"triplanet\",\"url\":\"https:\/\/www.traveldiewelt.de\/\",\"logo\":{\"@type\":\"ImageObject\",\"inLanguage\":\"en-GB\",\"@id\":\"https:\/\/www.traveldiewelt.de\/#\/schema\/logo\/image\/\",\"url\":\"https:\/\/www.triplanet.com\/wp-content\/uploads\/2020\/04\/TdW-Logo-transparent.png\",\"contentUrl\":\"https:\/\/www.triplanet.com\/wp-content\/uploads\/2020\/04\/TdW-Logo-transparent.png\",\"width\":2000,\"height\":400,\"caption\":\"triplanet\"},\"image\":{\"@id\":\"https:\/\/www.traveldiewelt.de\/#\/schema\/logo\/image\/\"},\"sameAs\":[\"https:\/\/www.facebook.com\/traveldieweltde\",\"https:\/\/www.instagram.com\/traveldieweltde\/\"]}]}<\/script>\n<!-- \/ Yoast SEO plugin. -->","yoast_head_json":{"title":"Vacancies | triplanet","description":"Here you can find all current vacancies at triplanet. Apply for one of the jobs on offer today.","robots":{"index":"index","follow":"follow","max-snippet":"max-snippet:-1","max-image-preview":"max-image-preview:large","max-video-preview":"max-video-preview:-1"},"canonical":"https:\/\/www.triplanet.com\/en\/jobs\/","og_locale":"en_GB","og_type":"article","og_title":"Stellenangebote | triplanet","og_description":"Hier findest du alle aktuelle Stellenangebote von triplanet. Bewirb dich noch heute auf einen der angebotenen Jobs.","og_url":"https:\/\/www.triplanet.com\/en\/jobs\/","og_site_name":"triplanet","article_publisher":"https:\/\/www.facebook.com\/traveldieweltde","article_modified_time":"2026-03-11T14:41:21+00:00","og_image":[{"width":1440,"height":360,"url":"https:\/\/www.triplanet.com\/wp-content\/uploads\/2026\/03\/JOBs-Header.jpg","type":"image\/jpeg"}],"twitter_card":"summary_large_image","twitter_misc":{"Estimated reading time":"2 minutes"},"schema":{"@context":"https:\/\/schema.org","@graph":[{"@type":"WebPage","@id":"https:\/\/www.triplanet.com\/jobs\/","url":"https:\/\/www.triplanet.com\/jobs\/","name":"Vacancies | triplanet","isPartOf":{"@id":"https:\/\/www.traveldiewelt.de\/#website"},"primaryImageOfPage":{"@id":"https:\/\/www.triplanet.com\/jobs\/#primaryimage"},"image":{"@id":"https:\/\/www.triplanet.com\/jobs\/#primaryimage"},"thumbnailUrl":"https:\/\/www.triplanet.com\/wp-content\/uploads\/2026\/03\/JOBs-Header.jpg","datePublished":"2024-01-10T06:39:41+00:00","dateModified":"2026-03-11T14:41:21+00:00","description":"Here you can find all current vacancies at triplanet. Apply for one of the jobs on offer today.","breadcrumb":{"@id":"https:\/\/www.triplanet.com\/jobs\/#breadcrumb"},"inLanguage":"en-GB","potentialAction":[{"@type":"ReadAction","target":["https:\/\/www.triplanet.com\/jobs\/"]}]},{"@type":"ImageObject","inLanguage":"en-GB","@id":"https:\/\/www.triplanet.com\/jobs\/#primaryimage","url":"https:\/\/www.triplanet.com\/wp-content\/uploads\/2026\/03\/JOBs-Header.jpg","contentUrl":"https:\/\/www.triplanet.com\/wp-content\/uploads\/2026\/03\/JOBs-Header.jpg","width":1440,"height":360},{"@type":"BreadcrumbList","@id":"https:\/\/www.triplanet.com\/jobs\/#breadcrumb","itemListElement":[{"@type":"ListItem","position":1,"name":"Startseite","item":"https:\/\/www.triplanet.com\/"},{"@type":"ListItem","position":2,"name":"Stellenangebote"}]},{"@type":"WebSite","@id":"https:\/\/www.traveldiewelt.de\/#website","url":"https:\/\/www.traveldiewelt.de\/","name":"triplanet","description":"Worldwide adventure travel &amp; backpacking tours","publisher":{"@id":"https:\/\/www.traveldiewelt.de\/#organization"},"potentialAction":[{"@type":"SearchAction","target":{"@type":"EntryPoint","urlTemplate":"https:\/\/www.traveldiewelt.de\/?s={search_term_string}"},"query-input":{"@type":"PropertyValueSpecification","valueRequired":true,"valueName":"search_term_string"}}],"inLanguage":"en-GB"},{"@type":"Organization","@id":"https:\/\/www.traveldiewelt.de\/#organization","name":"triplanet","url":"https:\/\/www.traveldiewelt.de\/","logo":{"@type":"ImageObject","inLanguage":"en-GB","@id":"https:\/\/www.traveldiewelt.de\/#\/schema\/logo\/image\/","url":"https:\/\/www.triplanet.com\/wp-content\/uploads\/2020\/04\/TdW-Logo-transparent.png","contentUrl":"https:\/\/www.triplanet.com\/wp-content\/uploads\/2020\/04\/TdW-Logo-transparent.png","width":2000,"height":400,"caption":"triplanet"},"image":{"@id":"https:\/\/www.traveldiewelt.de\/#\/schema\/logo\/image\/"},"sameAs":["https:\/\/www.facebook.com\/traveldieweltde","https:\/\/www.instagram.com\/traveldieweltde\/"]}]}},"_links":{"self":[{"href":"https:\/\/www.triplanet.com\/en\/wp-json\/wp\/v2\/pages\/19890"}],"collection":[{"href":"https:\/\/www.triplanet.com\/en\/wp-json\/wp\/v2\/pages"}],"about":[{"href":"https:\/\/www.triplanet.com\/en\/wp-json\/wp\/v2\/types\/page"}],"author":[{"embeddable":true,"href":"https:\/\/www.triplanet.com\/en\/wp-json\/wp\/v2\/users\/2"}],"replies":[{"embeddable":true,"href":"https:\/\/www.triplanet.com\/en\/wp-json\/wp\/v2\/comments?post=19890"}],"version-history":[{"count":51,"href":"https:\/\/www.triplanet.com\/en\/wp-json\/wp\/v2\/pages\/19890\/revisions"}],"predecessor-version":[{"id":28484,"href":"https:\/\/www.triplanet.com\/en\/wp-json\/wp\/v2\/pages\/19890\/revisions\/28484"}],"wp:featuredmedia":[{"embeddable":true,"href":"https:\/\/www.triplanet.com\/en\/wp-json\/wp\/v2\/media\/28481"}],"wp:attachment":[{"href":"https:\/\/www.triplanet.com\/en\/wp-json\/wp\/v2\/media?parent=19890"}],"curies":[{"name":"wp","href":"https:\/\/api.w.org\/{rel}","templated":true}]}}