{"id":10877,"date":"2022-05-26T18:19:26","date_gmt":"2022-05-26T16:19:26","guid":{"rendered":"https:\/\/www.traveldiewelt.de\/?page_id=10877"},"modified":"2024-10-30T17:32:18","modified_gmt":"2024-10-30T15:32:18","slug":"voucher-conditions-3","status":"publish","type":"page","link":"https:\/\/www.triplanet.com\/en\/gutscheinbedingungen-3\/","title":{"rendered":"Voucher conditions-3"},"content":{"rendered":"<div data-vc-full-width=\"true\" data-vc-full-width-init=\"false\" class=\"vc_row wpb_row st bg-holder st-about--collection vc_custom_1636979911118 vc_row-has-fill\"><div class='container-fluid'> <div class='row'>\n\t<div class=\"wpb_column column_container col-md-12\"><div class=\"vc_column-inner wpb_wrapper\">\n\t\t\t<div class=\"vc_row wpb_row vc_inner st-about--collection__top\"><div class=\"order-1 wpb_column column_container col-md-12\"><div class=\"vc_column-inner\"><div class=\"wpb_wrapper\">\n\t<div class=\"wpb_text_column wpb_content_element\" >\n\t\t<div class=\"wpb_wrapper\">\n\t\t\t<h3>General voucher conditions<\/h3>\n<h5>Terms of use for the redemption of voucher codes at triplanet<\/h5>\n<ol>\n<li>The voucher is valid until 31.12.2025<\/li>\n<li>Only one gift voucher can be used per booking.<\/li>\n<li>Vouchers can be redeemed simply by entering the code in the appropriate field when completing the order.<\/li>\n<li>The voucher is only valid for tour bookings with a value of EUR 500.00 or more<\/li>\n<li>The voucher does not bear interest and cannot be paid out in cash or in instalments. It cannot be used to settle outstanding debts. triplanet accepts no liability for the loss, theft, damage, illegibility or unauthorised use of the voucher.<\/li>\n<li>The vouchers cannot be combined with other discount or voucher campaigns.<\/li>\n<li>The general terms and conditions of triplanet apply.<\/li>\n<\/ol>\n<p>&nbsp;<\/p>\n<p>&nbsp;<\/p>\n<h5>Terms of use for the redemption of voucher codes at triplanet<\/h5>\n<ol>\n<li>Voucher codes can only be redeemed for a limited time and expire on the date stated in the offer. An extension is not possible.<\/li>\n<li>Voucher codes can be redeemed simply by entering the code in the appropriate field when completing the booking.<\/li>\n<li>Reduced items and vouchers are excluded. Not valid in conjunction with other discounts and vouchers and not for triplanet employees.<\/li>\n<li>Other products or categories may be excluded and can be found in the respective offer.<\/li>\n<li>Voucher codes can only be redeemed once and are non-transferable. Only one voucher code can be used per order. Partial redemption of the discount code is not possible.<\/li>\n<li>If the voucher code is linked to a minimum purchase value, it can only be redeemed when this minimum purchase value is reached.<\/li>\n<li>In the event of a complete cancellation, the voucher code expires. It is not possible to redeem the voucher for products that are less than the value of the voucher.<\/li>\n<li>Any commercial resale of the voucher codes is prohibited.<\/li>\n<li>The general terms and conditions of triplanet apply.<\/li>\n<\/ol>\n\n\t\t<\/div>\n\t<\/div>\n<\/div><\/div><\/div><\/div><\/div>\n\t<\/div> \n<\/div><!--End .row--><\/div><!--End .container--><\/div><div class=\"vc_row-full-width vc_clearfix\"><\/div>","protected":false},"excerpt":{"rendered":"Allgemeine Gutscheinbedingungen Nutzungsbedingungen f\u00fcr die Einl\u00f6sung von Gutscheincodes bei triplanet Der Gutschein ist bis 31.12.2025 g\u00fcltig Pro Buchung kann nur ein Geschenkgutschein verwendet werden. Gutscheine k\u00f6nnen einfach bei Bestellabschluss eingel\u00f6st werden, indem der Code in das entsprechende Feld eingetragen wird. Der Gutschein ist nur f\u00fcr Tourbuchungen ab einem Wert von 500,00 EUR g\u00fcltig Der Gutschein [...]","protected":false},"author":1,"featured_media":0,"parent":0,"menu_order":0,"comment_status":"closed","ping_status":"closed","template":"template-home-modern.php","meta":{"content-type":"","_monsterinsights_skip_tracking":false,"_monsterinsights_sitenote_active":false,"_monsterinsights_sitenote_note":"","_monsterinsights_sitenote_category":0,"footnotes":""},"class_list":["post-10877","page","type-page","status-publish","has-post-thumbnail","hentry"],"yoast_head":"<!-- This site is optimized with the Yoast SEO plugin v25.6 - https:\/\/yoast.com\/wordpress\/plugins\/seo\/ -->\n<title>Gutscheinbedingungen-3 | triplanet<\/title>\n<meta name=\"description\" content=\"Hier findest du unser Impressum mit allen wichtigen Kontaktinformationen zu unserem Reiseb\u00fcro. Wir freuen uns auf deinen Webseiten-Besuch.\" \/>\n<meta name=\"robots\" content=\"index, follow, max-snippet:-1, max-image-preview:large, max-video-preview:-1\" \/>\n<link rel=\"canonical\" href=\"https:\/\/www.traveldiewelt.de\/gutscheinbedingungen-3\/\" \/>\n<meta property=\"og:locale\" content=\"en_GB\" \/>\n<meta property=\"og:type\" content=\"article\" \/>\n<meta property=\"og:title\" content=\"Gutscheinbedingungen-3 | triplanet\" \/>\n<meta property=\"og:description\" content=\"Hier findest du unser Impressum mit allen wichtigen Kontaktinformationen zu unserem Reiseb\u00fcro. Wir freuen uns auf deinen Webseiten-Besuch.\" \/>\n<meta property=\"og:url\" content=\"https:\/\/www.traveldiewelt.de\/gutscheinbedingungen-3\/\" \/>\n<meta property=\"og:site_name\" content=\"triplanet\" \/>\n<meta property=\"article:publisher\" content=\"https:\/\/www.facebook.com\/traveldieweltde\" \/>\n<meta property=\"article:modified_time\" content=\"2024-10-30T15:32:18+00:00\" \/>\n<meta name=\"twitter:card\" content=\"summary_large_image\" \/>\n<meta name=\"twitter:label1\" content=\"Estimated reading time\" \/>\n\t<meta name=\"twitter:data1\" content=\"2 minutes\" \/>\n<script type=\"application\/ld+json\" class=\"yoast-schema-graph\">{\"@context\":\"https:\/\/schema.org\",\"@graph\":[{\"@type\":\"WebPage\",\"@id\":\"https:\/\/www.traveldiewelt.de\/gutscheinbedingungen-3\/\",\"url\":\"https:\/\/www.traveldiewelt.de\/gutscheinbedingungen-3\/\",\"name\":\"Gutscheinbedingungen-3 | triplanet\",\"isPartOf\":{\"@id\":\"https:\/\/www.traveldiewelt.de\/#website\"},\"datePublished\":\"2022-05-26T16:19:26+00:00\",\"dateModified\":\"2024-10-30T15:32:18+00:00\",\"description\":\"Hier findest du unser Impressum mit allen wichtigen Kontaktinformationen zu unserem Reiseb\u00fcro. Wir freuen uns auf deinen Webseiten-Besuch.\",\"breadcrumb\":{\"@id\":\"https:\/\/www.traveldiewelt.de\/gutscheinbedingungen-3\/#breadcrumb\"},\"inLanguage\":\"en-GB\",\"potentialAction\":[{\"@type\":\"ReadAction\",\"target\":[\"https:\/\/www.traveldiewelt.de\/gutscheinbedingungen-3\/\"]}]},{\"@type\":\"BreadcrumbList\",\"@id\":\"https:\/\/www.traveldiewelt.de\/gutscheinbedingungen-3\/#breadcrumb\",\"itemListElement\":[{\"@type\":\"ListItem\",\"position\":1,\"name\":\"Startseite\",\"item\":\"https:\/\/www.triplanet.com\/\"},{\"@type\":\"ListItem\",\"position\":2,\"name\":\"Gutscheinbedingungen-3\"}]},{\"@type\":\"WebSite\",\"@id\":\"https:\/\/www.traveldiewelt.de\/#website\",\"url\":\"https:\/\/www.traveldiewelt.de\/\",\"name\":\"triplanet\",\"description\":\"Weltweite Abenteuer-Reisen &amp; Backpacking-Touren\",\"publisher\":{\"@id\":\"https:\/\/www.traveldiewelt.de\/#organization\"},\"potentialAction\":[{\"@type\":\"SearchAction\",\"target\":{\"@type\":\"EntryPoint\",\"urlTemplate\":\"https:\/\/www.traveldiewelt.de\/?s={search_term_string}\"},\"query-input\":{\"@type\":\"PropertyValueSpecification\",\"valueRequired\":true,\"valueName\":\"search_term_string\"}}],\"inLanguage\":\"en-GB\"},{\"@type\":\"Organization\",\"@id\":\"https:\/\/www.traveldiewelt.de\/#organization\",\"name\":\"triplanet\",\"url\":\"https:\/\/www.traveldiewelt.de\/\",\"logo\":{\"@type\":\"ImageObject\",\"inLanguage\":\"en-GB\",\"@id\":\"https:\/\/www.traveldiewelt.de\/#\/schema\/logo\/image\/\",\"url\":\"https:\/\/www.triplanet.com\/wp-content\/uploads\/2020\/04\/TdW-Logo-transparent.png\",\"contentUrl\":\"https:\/\/www.triplanet.com\/wp-content\/uploads\/2020\/04\/TdW-Logo-transparent.png\",\"width\":2000,\"height\":400,\"caption\":\"triplanet\"},\"image\":{\"@id\":\"https:\/\/www.traveldiewelt.de\/#\/schema\/logo\/image\/\"},\"sameAs\":[\"https:\/\/www.facebook.com\/traveldieweltde\",\"https:\/\/www.instagram.com\/traveldieweltde\/\"]}]}<\/script>\n<!-- \/ Yoast SEO plugin. -->","yoast_head_json":{"title":"Voucher conditions-3 | triplanet","description":"Here you will find our imprint with all important contact information about our travel agency. We look forward to your visit to our website.","robots":{"index":"index","follow":"follow","max-snippet":"max-snippet:-1","max-image-preview":"max-image-preview:large","max-video-preview":"max-video-preview:-1"},"canonical":"https:\/\/www.traveldiewelt.de\/gutscheinbedingungen-3\/","og_locale":"en_GB","og_type":"article","og_title":"Gutscheinbedingungen-3 | triplanet","og_description":"Hier findest du unser Impressum mit allen wichtigen Kontaktinformationen zu unserem Reiseb\u00fcro. Wir freuen uns auf deinen Webseiten-Besuch.","og_url":"https:\/\/www.traveldiewelt.de\/gutscheinbedingungen-3\/","og_site_name":"triplanet","article_publisher":"https:\/\/www.facebook.com\/traveldieweltde","article_modified_time":"2024-10-30T15:32:18+00:00","twitter_card":"summary_large_image","twitter_misc":{"Estimated reading time":"2 minutes"},"schema":{"@context":"https:\/\/schema.org","@graph":[{"@type":"WebPage","@id":"https:\/\/www.traveldiewelt.de\/gutscheinbedingungen-3\/","url":"https:\/\/www.traveldiewelt.de\/gutscheinbedingungen-3\/","name":"Voucher conditions-3 | triplanet","isPartOf":{"@id":"https:\/\/www.traveldiewelt.de\/#website"},"datePublished":"2022-05-26T16:19:26+00:00","dateModified":"2024-10-30T15:32:18+00:00","description":"Here you will find our imprint with all important contact information about our travel agency. We look forward to your visit to our website.","breadcrumb":{"@id":"https:\/\/www.traveldiewelt.de\/gutscheinbedingungen-3\/#breadcrumb"},"inLanguage":"en-GB","potentialAction":[{"@type":"ReadAction","target":["https:\/\/www.traveldiewelt.de\/gutscheinbedingungen-3\/"]}]},{"@type":"BreadcrumbList","@id":"https:\/\/www.traveldiewelt.de\/gutscheinbedingungen-3\/#breadcrumb","itemListElement":[{"@type":"ListItem","position":1,"name":"Startseite","item":"https:\/\/www.triplanet.com\/"},{"@type":"ListItem","position":2,"name":"Gutscheinbedingungen-3"}]},{"@type":"WebSite","@id":"https:\/\/www.traveldiewelt.de\/#website","url":"https:\/\/www.traveldiewelt.de\/","name":"triplanet","description":"Worldwide adventure travel &amp; backpacking tours","publisher":{"@id":"https:\/\/www.traveldiewelt.de\/#organization"},"potentialAction":[{"@type":"SearchAction","target":{"@type":"EntryPoint","urlTemplate":"https:\/\/www.traveldiewelt.de\/?s={search_term_string}"},"query-input":{"@type":"PropertyValueSpecification","valueRequired":true,"valueName":"search_term_string"}}],"inLanguage":"en-GB"},{"@type":"Organization","@id":"https:\/\/www.traveldiewelt.de\/#organization","name":"triplanet","url":"https:\/\/www.traveldiewelt.de\/","logo":{"@type":"ImageObject","inLanguage":"en-GB","@id":"https:\/\/www.traveldiewelt.de\/#\/schema\/logo\/image\/","url":"https:\/\/www.triplanet.com\/wp-content\/uploads\/2020\/04\/TdW-Logo-transparent.png","contentUrl":"https:\/\/www.triplanet.com\/wp-content\/uploads\/2020\/04\/TdW-Logo-transparent.png","width":2000,"height":400,"caption":"triplanet"},"image":{"@id":"https:\/\/www.traveldiewelt.de\/#\/schema\/logo\/image\/"},"sameAs":["https:\/\/www.facebook.com\/traveldieweltde","https:\/\/www.instagram.com\/traveldieweltde\/"]}]}},"_links":{"self":[{"href":"https:\/\/www.triplanet.com\/en\/wp-json\/wp\/v2\/pages\/10877"}],"collection":[{"href":"https:\/\/www.triplanet.com\/en\/wp-json\/wp\/v2\/pages"}],"about":[{"href":"https:\/\/www.triplanet.com\/en\/wp-json\/wp\/v2\/types\/page"}],"author":[{"embeddable":true,"href":"https:\/\/www.triplanet.com\/en\/wp-json\/wp\/v2\/users\/1"}],"replies":[{"embeddable":true,"href":"https:\/\/www.triplanet.com\/en\/wp-json\/wp\/v2\/comments?post=10877"}],"version-history":[{"count":9,"href":"https:\/\/www.triplanet.com\/en\/wp-json\/wp\/v2\/pages\/10877\/revisions"}],"predecessor-version":[{"id":23344,"href":"https:\/\/www.triplanet.com\/en\/wp-json\/wp\/v2\/pages\/10877\/revisions\/23344"}],"wp:attachment":[{"href":"https:\/\/www.triplanet.com\/en\/wp-json\/wp\/v2\/media?parent=10877"}],"curies":[{"name":"wp","href":"https:\/\/api.w.org\/{rel}","templated":true}]}}